{"id":7,"date":"2013-10-25T08:50:57","date_gmt":"2013-10-25T08:50:57","guid":{"rendered":"http:\/\/gmgfavvocati.it\/?page_id=7"},"modified":"2014-02-21T14:43:01","modified_gmt":"2014-02-21T14:43:01","slug":"avv-roberto-guarino","status":"publish","type":"page","link":"https:\/\/gmgfavvocati.it\/?page_id=7","title":{"rendered":"Avv. Roberto Guarino"},"content":{"rendered":"<p><img fetchpriority=\"high\" decoding=\"async\" class=\"aligncenter size-full wp-image-121\" alt=\"guarino-1024px\" src=\"http:\/\/gmgfavvocati.it\/wp-content\/uploads\/2013\/10\/guarino-1024px.jpg\" width=\"1024\" height=\"512\" srcset=\"https:\/\/gmgfavvocati.it\/wp-content\/uploads\/2013\/10\/guarino-1024px.jpg 1024w, https:\/\/gmgfavvocati.it\/wp-content\/uploads\/2013\/10\/guarino-1024px-300x150.jpg 300w, https:\/\/gmgfavvocati.it\/wp-content\/uploads\/2013\/10\/guarino-1024px-2x1.jpg 2w\" sizes=\"(max-width: 1024px) 100vw, 1024px\" \/>\u00c8 nato il 14 gennaio del 1968 a Torino, citt\u00e0 in cui risiede.<\/p>\n<p>Dopo il Liceo Classico Cavour, ha frequentato la Facolt\u00e0 di Giurisprudenza di Torino presso la quale si \u00e8 laureato <em>cum laude<\/em>.<\/p>\n<p>Dal 1996 al 2006 ha esercitato la professione di avvocato come associato in &#8216;Avv. Amico &amp; Partners&#8217;. Nel 2006 ha fondato l&#8217;associazione professionale &#8216;Rossi e Guarino Avvocati&#8217;. Dal 2013 fa parte dello &#8216;Studio Legale Guarino Marino Grosso Ferrotta&#8217;.<\/p>\n<p>Consulente di varie aziende, svolge l&#8217;attivit\u00e0 di avvocato civilista e si occupa prevalentemente di diritto commerciale, di diritto societario, di diritto fallimentare, di responsabilit\u00e0 colposa e di recupero crediti.<\/p>\n<p>\u00c8 iscritto all&#8217;Albo Speciale degli Avvocati Cassazionisti.<\/p>\n<p style=\"font-size: x-small; color: #aaa;\">L&#8217;attivit\u00e0 dell&#8217;avvocato Guarino \u00e8 coperta da polizza assicurativa per la responsabilit\u00e0 civile professionale stipulata con Assicurazioni Generali s.p.a. (numero di polizza 332792188)<\/p>\n<p>[divider]<\/p>\n<p><a href=\"mailto: guarino@gmgfavvocati.it\"><i class=\"icon-envelope\"><\/i>\u00a0guarino@gmgfavvocati.it<\/a><\/p>\n","protected":false},"excerpt":{"rendered":"<p>\u00c8 nato il 14 gennaio del 1968 a Torino, citt\u00e0 in cui risiede. Dopo il Liceo Classico Cavour, ha frequentato la Facolt\u00e0 di Giurisprudenza di Torino presso la quale si \u00e8 laureato cum laude. Dal 1996 al 2006 ha esercitato la professione di avvocato come associato in &#8216;Avv. Amico &amp; Partners&#8217;. Nel 2006 ha fondato [&hellip;]<\/p>\n","protected":false},"author":3,"featured_media":111,"parent":27,"menu_order":0,"comment_status":"closed","ping_status":"open","template":"","meta":{"footnotes":""},"class_list":["post-7","page","type-page","status-publish","has-post-thumbnail","hentry"],"_links":{"self":[{"href":"https:\/\/gmgfavvocati.it\/index.php?rest_route=\/wp\/v2\/pages\/7","targetHints":{"allow":["GET"]}}],"collection":[{"href":"https:\/\/gmgfavvocati.it\/index.php?rest_route=\/wp\/v2\/pages"}],"about":[{"href":"https:\/\/gmgfavvocati.it\/index.php?rest_route=\/wp\/v2\/types\/page"}],"author":[{"embeddable":true,"href":"https:\/\/gmgfavvocati.it\/index.php?rest_route=\/wp\/v2\/users\/3"}],"replies":[{"embeddable":true,"href":"https:\/\/gmgfavvocati.it\/index.php?rest_route=%2Fwp%2Fv2%2Fcomments&post=7"}],"version-history":[{"count":17,"href":"https:\/\/gmgfavvocati.it\/index.php?rest_route=\/wp\/v2\/pages\/7\/revisions"}],"predecessor-version":[{"id":282,"href":"https:\/\/gmgfavvocati.it\/index.php?rest_route=\/wp\/v2\/pages\/7\/revisions\/282"}],"up":[{"embeddable":true,"href":"https:\/\/gmgfavvocati.it\/index.php?rest_route=\/wp\/v2\/pages\/27"}],"wp:featuredmedia":[{"embeddable":true,"href":"https:\/\/gmgfavvocati.it\/index.php?rest_route=\/wp\/v2\/media\/111"}],"wp:attachment":[{"href":"https:\/\/gmgfavvocati.it\/index.php?rest_route=%2Fwp%2Fv2%2Fmedia&parent=7"}],"curies":[{"name":"wp","href":"https:\/\/api.w.org\/{rel}","templated":true}]}}