{"id":5,"date":"2013-10-21T11:06:26","date_gmt":"2013-10-21T11:06:26","guid":{"rendered":"http:\/\/gmgfavvocati.it\/?page_id=5"},"modified":"2025-05-09T00:25:07","modified_gmt":"2025-05-09T00:25:07","slug":"home","status":"publish","type":"page","link":"https:\/\/gmgfavvocati.it\/","title":{"rendered":"Profilo dello studio"},"content":{"rendered":"<p><img fetchpriority=\"high\" decoding=\"async\" class=\"aligncenter size-full wp-image-192\" style=\"margin: 2px;\" src=\"http:\/\/gmgfavvocati.it\/wp-content\/uploads\/2013\/12\/gmgf.jpg\" alt=\"gmgf\" width=\"960\" height=\"300\" srcset=\"https:\/\/gmgfavvocati.it\/wp-content\/uploads\/2013\/12\/gmgf.jpg 960w, https:\/\/gmgfavvocati.it\/wp-content\/uploads\/2013\/12\/gmgf-300x93.jpg 300w, https:\/\/gmgfavvocati.it\/wp-content\/uploads\/2013\/12\/gmgf-3x1.jpg 3w\" sizes=\"(max-width: 960px) 100vw, 960px\" \/><\/p>\n<p>&#8220;L\u2019idea base che ha ispirato la creazione dello studio \u00e8 stata quella di unire le nostre diverse competenze ed esperienze per garantire all\u2019utenza prestazioni di assistenza e consulenza qualificate e &#8216;ad ampio spettro&#8217;.<\/p>\n<p>Considerata la estrema complessit\u00e0 del panorama giuridico odierno, \u00e8 diventato in effetti opportuno, se non indispensabile, operare &#8216;in sinergia&#8217; e cos\u00ec evitare al cliente gli inutili dispendi di tempo e le indesiderabili moltiplicazioni di costi derivanti, di norma, dalla necessit\u00e0 di rivolgersi a pi\u00f9 uffici legali per la risoluzione di problemi che sono molto spesso giuridicamente distinti, ma sostanzialmente correlati.<\/p>\n<p style=\"text-align: justify;\">Nella consapevolezza di perseguire finalit\u00e0 non originali, ma avvertite da molti nella prassi quotidiana, Vi invitiamo a visitare le varie sezioni di questo sito per raccogliere qualche informazione in pi\u00f9 sul nostro conto e sul mondo del diritto.&#8221;<\/p>\n<p style=\"text-align: center;\"><strong>Grazie per il Vostro click su www.gmgfavvocati.it<\/strong><\/p>\n<p style=\"text-align: right;\"><strong><em><span style=\"color: #ff0000;\">Avv.<\/span>\u00a0Roberto Guarino<br \/>\n<span style=\"color: #ff0000;\">Avv.<\/span> Gianluigi Marino<br \/>\n<\/em><\/strong><strong><em><span style=\"color: #ff0000;\">Avv.<\/span> SIlvia Grosso<br \/>\n<\/em><\/strong><strong><em><span style=\"color: #ff0000;\">Avv.<\/span>\u00a0Carlo Ferrotta<\/em><\/strong><\/p>\n","protected":false},"excerpt":{"rendered":"<p>&#8220;L\u2019idea base che ha ispirato la creazione dello studio \u00e8 stata quella di unire le nostre diverse competenze ed esperienze per garantire all\u2019utenza prestazioni di assistenza e consulenza qualificate e &#8216;ad ampio spettro&#8217;. Considerata la estrema complessit\u00e0 del panorama giuridico odierno, \u00e8 diventato in effetti opportuno, se non indispensabile, operare &#8216;in sinergia&#8217; e cos\u00ec evitare [&hellip;]<\/p>\n","protected":false},"author":4,"featured_media":0,"parent":0,"menu_order":0,"comment_status":"closed","ping_status":"closed","template":"page-templates\/full-width.php","meta":{"footnotes":""},"class_list":["post-5","page","type-page","status-publish","hentry"],"_links":{"self":[{"href":"https:\/\/gmgfavvocati.it\/index.php?rest_route=\/wp\/v2\/pages\/5","targetHints":{"allow":["GET"]}}],"collection":[{"href":"https:\/\/gmgfavvocati.it\/index.php?rest_route=\/wp\/v2\/pages"}],"about":[{"href":"https:\/\/gmgfavvocati.it\/index.php?rest_route=\/wp\/v2\/types\/page"}],"author":[{"embeddable":true,"href":"https:\/\/gmgfavvocati.it\/index.php?rest_route=\/wp\/v2\/users\/4"}],"replies":[{"embeddable":true,"href":"https:\/\/gmgfavvocati.it\/index.php?rest_route=%2Fwp%2Fv2%2Fcomments&post=5"}],"version-history":[{"count":25,"href":"https:\/\/gmgfavvocati.it\/index.php?rest_route=\/wp\/v2\/pages\/5\/revisions"}],"predecessor-version":[{"id":327,"href":"https:\/\/gmgfavvocati.it\/index.php?rest_route=\/wp\/v2\/pages\/5\/revisions\/327"}],"wp:attachment":[{"href":"https:\/\/gmgfavvocati.it\/index.php?rest_route=%2Fwp%2Fv2%2Fmedia&parent=5"}],"curies":[{"name":"wp","href":"https:\/\/api.w.org\/{rel}","templated":true}]}}