{"id":214,"date":"2014-01-07T11:18:39","date_gmt":"2014-01-07T11:18:39","guid":{"rendered":"http:\/\/gmgfavvocati.it\/?page_id=214"},"modified":"2025-05-13T00:17:59","modified_gmt":"2025-05-13T00:17:59","slug":"area-del-diritto-commerciale-societario-e-del-lavoro","status":"publish","type":"page","link":"https:\/\/gmgfavvocati.it\/?page_id=214","title":{"rendered":"Area del diritto commerciale, societario e del lavoro"},"content":{"rendered":"<p><img decoding=\"async\" class=\"size-full wp-image-226\" alt=\"diritto-commerciale_active\" src=\"http:\/\/gmgfavvocati.it\/wp-content\/uploads\/2014\/01\/diritto-commerciale_active.png\" width=\"180\" height=\"157\" srcset=\"https:\/\/gmgfavvocati.it\/wp-content\/uploads\/2014\/01\/diritto-commerciale_active.png 180w, https:\/\/gmgfavvocati.it\/wp-content\/uploads\/2014\/01\/diritto-commerciale_active-1x1.png 1w\" sizes=\"(max-width: 180px) 100vw, 180px\" \/><a title=\"Area del diritto reale e \u201cimmobiliare\u201d\" href=\"http:\/\/gmgfavvocati.it\/aree-di-attivita\/area-del-diritto-reale-e-immobiliare\/\"><img decoding=\"async\" class=\"size-full wp-image-177\" alt=\"area2\" src=\"http:\/\/gmgfavvocati.it\/wp-content\/uploads\/2013\/10\/area2.png\" width=\"180\" height=\"157\" srcset=\"https:\/\/gmgfavvocati.it\/wp-content\/uploads\/2013\/10\/area2.png 180w, https:\/\/gmgfavvocati.it\/wp-content\/uploads\/2013\/10\/area2-1x1.png 1w\" sizes=\"(max-width: 180px) 100vw, 180px\" \/><\/a><a title=\"Area del diritto di famiglia e minorile\" href=\"http:\/\/gmgfavvocati.it\/aree-di-attivita\/area-del-diritto-di-famiglia-e-minorile\/\"><img decoding=\"async\" class=\"size-full wp-image-176\" alt=\"area3\" src=\"http:\/\/gmgfavvocati.it\/wp-content\/uploads\/2013\/10\/area3.png\" width=\"180\" height=\"157\" srcset=\"https:\/\/gmgfavvocati.it\/wp-content\/uploads\/2013\/10\/area3.png 180w, https:\/\/gmgfavvocati.it\/wp-content\/uploads\/2013\/10\/area3-1x1.png 1w\" sizes=\"(max-width: 180px) 100vw, 180px\" \/><\/a><a title=\"Area della responsabilit\u00e0 colposa\" href=\"http:\/\/gmgfavvocati.it\/aree-di-attivita\/area-della-responsabilita-colposa\/\"><img loading=\"lazy\" decoding=\"async\" class=\"size-full wp-image-175\" alt=\"area4\" src=\"http:\/\/gmgfavvocati.it\/wp-content\/uploads\/2013\/10\/area4.png\" width=\"180\" height=\"157\" srcset=\"https:\/\/gmgfavvocati.it\/wp-content\/uploads\/2013\/10\/area4.png 180w, https:\/\/gmgfavvocati.it\/wp-content\/uploads\/2013\/10\/area4-1x1.png 1w\" sizes=\"(max-width: 180px) 100vw, 180px\" \/><\/a><a title=\"Area del diritto penale\" href=\"http:\/\/gmgfavvocati.it\/aree-di-attivita\/area-del-diritto-penale\/\"><img loading=\"lazy\" decoding=\"async\" class=\"size-full wp-image-174\" alt=\"area5\" src=\"http:\/\/gmgfavvocati.it\/wp-content\/uploads\/2013\/10\/area5.png\" width=\"180\" height=\"157\" srcset=\"https:\/\/gmgfavvocati.it\/wp-content\/uploads\/2013\/10\/area5.png 180w, https:\/\/gmgfavvocati.it\/wp-content\/uploads\/2013\/10\/area5-1x1.png 1w\" sizes=\"(max-width: 180px) 100vw, 180px\" \/><\/a><\/p>\n<p>[quote]Il diritto commerciale \u00e8 composto dalle norme di diritto privato che regolano la vita delle imprese e le relative attivit\u00e0, per lo pi\u00f9 economiche.<\/p>\n<p>Il diritto societario riguarda la nascita, la operativit\u00e0 e la cessazione di quelle &#8216;particolari&#8217; imprese che sono organizzate in forma societaria.<\/p>\n<p>Il diritto del lavoro concerne i rapporti fra datori di lavoro e dipendenti e collaboratori a vario titolo.<br \/>\nParzialmente affini a quella del diritto del lavoro sono anche la materia del diritto previdenziale (ad es: vertenze con INPS e INAIL) e la materia della sicurezza e salubrit\u00e0 degli ambienti di lavoro (ad es: infortuni e malattie professionali, mobbing, etc).[\/quote]<br \/>\n<strong>Lo studio garantisce assistenza e consulenza a privati e aziende in tutte le vertenze stragiudiziali e giudiziali in ambito di diritto commerciale, societario e del lavoro.<\/strong><\/p>\n<p>Per quanto riguarda in particolare le <strong>imprese<\/strong>, i professionisti dello studio sono in grado di assicurare <strong>assistenza stragiudiziale continuativa e a &#8216;360 gradi&#8217;<\/strong> (pareri scritti e orali, invio di comunicazioni e diffide a clienti, fornitori e amministrazioni pubbliche, studio delle questioni giuridiche connesse alla attivit\u00e0 aziendale, contrattualistica etc. etc.).<\/p>\n<p>A titolo meramente esemplificativo si menzionano i seguenti ambiti di operativit\u00e0:<\/p>\n<ul>\n<li><strong>redazione di contratti e accordi commerciali<\/strong><\/li>\n<li><strong>recupero crediti<\/strong><\/li>\n<li><strong> risarcimento danni da responsabilit\u00e0 contrattuale ed extracontrattuale<\/strong><\/li>\n<li><strong>gestione del personale e contenzioso in materia giuslavoristica<\/strong> (licenziamento, demansionamento, mancata corresponsione di retribuzioni e indennit\u00e0)<\/li>\n<li><strong> creazione e gestione dei rapporti fra soci, patti parasociali, responsabilit\u00e0 degli amministratori<\/strong><\/li>\n<\/ul>\n","protected":false},"excerpt":{"rendered":"<p>[quote]Il diritto commerciale \u00e8 composto dalle norme di diritto privato che regolano la vita delle imprese e le relative attivit\u00e0, per lo pi\u00f9 economiche. Il diritto societario riguarda la nascita, la operativit\u00e0 e la cessazione di quelle &#8216;particolari&#8217; imprese che sono organizzate in forma societaria. Il diritto del lavoro concerne i rapporti fra datori di [&hellip;]<\/p>\n","protected":false},"author":4,"featured_media":0,"parent":31,"menu_order":0,"comment_status":"closed","ping_status":"closed","template":"page-templates\/full-width.php","meta":{"footnotes":""},"class_list":["post-214","page","type-page","status-publish","hentry"],"_links":{"self":[{"href":"https:\/\/gmgfavvocati.it\/index.php?rest_route=\/wp\/v2\/pages\/214","targetHints":{"allow":["GET"]}}],"collection":[{"href":"https:\/\/gmgfavvocati.it\/index.php?rest_route=\/wp\/v2\/pages"}],"about":[{"href":"https:\/\/gmgfavvocati.it\/index.php?rest_route=\/wp\/v2\/types\/page"}],"author":[{"embeddable":true,"href":"https:\/\/gmgfavvocati.it\/index.php?rest_route=\/wp\/v2\/users\/4"}],"replies":[{"embeddable":true,"href":"https:\/\/gmgfavvocati.it\/index.php?rest_route=%2Fwp%2Fv2%2Fcomments&post=214"}],"version-history":[{"count":7,"href":"https:\/\/gmgfavvocati.it\/index.php?rest_route=\/wp\/v2\/pages\/214\/revisions"}],"predecessor-version":[{"id":270,"href":"https:\/\/gmgfavvocati.it\/index.php?rest_route=\/wp\/v2\/pages\/214\/revisions\/270"}],"up":[{"embeddable":true,"href":"https:\/\/gmgfavvocati.it\/index.php?rest_route=\/wp\/v2\/pages\/31"}],"wp:attachment":[{"href":"https:\/\/gmgfavvocati.it\/index.php?rest_route=%2Fwp%2Fv2%2Fmedia&parent=214"}],"curies":[{"name":"wp","href":"https:\/\/api.w.org\/{rel}","templated":true}]}}