{"id":15,"date":"2013-10-25T09:10:29","date_gmt":"2013-10-25T09:10:29","guid":{"rendered":"http:\/\/gmgfavvocati.it\/?page_id=15"},"modified":"2014-02-21T14:49:43","modified_gmt":"2014-02-21T14:49:43","slug":"avv-silvia-grosso","status":"publish","type":"page","link":"https:\/\/gmgfavvocati.it\/?page_id=15","title":{"rendered":"Avv. Silvia Grosso"},"content":{"rendered":"<p><img fetchpriority=\"high\" decoding=\"async\" class=\"aligncenter size-full wp-image-125\" alt=\"grosso-1024px\" src=\"http:\/\/gmgfavvocati.it\/wp-content\/uploads\/2013\/10\/grosso-1024px.jpg\" width=\"1024\" height=\"512\" srcset=\"https:\/\/gmgfavvocati.it\/wp-content\/uploads\/2013\/10\/grosso-1024px.jpg 1024w, https:\/\/gmgfavvocati.it\/wp-content\/uploads\/2013\/10\/grosso-1024px-300x150.jpg 300w, https:\/\/gmgfavvocati.it\/wp-content\/uploads\/2013\/10\/grosso-1024px-2x1.jpg 2w\" sizes=\"(max-width: 1024px) 100vw, 1024px\" \/><\/p>\n<p>\u00c8 nata il 14 giugno del 1972 a Torino, citt\u00e0 in cui risiede.<\/p>\n<p>Dopo la maturit\u00e0 presso il Liceo Classico Maurilio Fossati di Rivoli, ha frequentato la Facolt\u00e0 di Giurisprudenza di Torino e si \u00e8 laureata a pieni voti nell&#8217;aprile del 1997.<\/p>\n<p>Si \u00e8 quindi dedicata alla professione legale e alla materia del diritto di famiglia e minorile di cui prevalentemente si occupa anche oggi.<\/p>\n<p>\u00c8 iscriitta all&#8217;Albo Speciale degli Avvocati Cassazionisti.<\/p>\n<p>Dal 1996 \u00e8 iscritta all&#8217;Ordine Nazionale dei Giornalisti &#8211; Sezione Pubblicisti.<br \/>\nCollabora dal 2003 come consulente legale con la Fondazione F.A.R.O. Onlus nell&#8217;ambito del progetto &#8216;Protezione Famiglia&#8217;, fornendo supporto giuridico ai malati oncologici e neurologici ed ai loro familiari.<\/p>\n<p>Partecipa con cadenza quindicinale alla trasmissione televisiva &#8216;Nord Ovest TV&#8217;, rispondendo in diretta alle domande dei telespettatori in materia di diritto civile.<\/p>\n<p>\u00c8 membro dell&#8217;A.I.A.F. (Associazione Italiana degli Avvocati per la Famiglia e per i minori).<\/p>\n<p style=\"font-size: x-small; color: #aaa;\">L&#8217;attivit\u00e0 dell&#8217;avvocato Grosso \u00e8 coperta da polizza assicurativa per la responsabilit\u00e0 civile professionale stipulata con Assicurazioni Generali s.p.a. (numero di polizza 252761036)<\/p>\n<p>[divider]<\/p>\n<p><i class=\"icon-envelope\"><\/i> <a href=\"mailto:grosso@gmgfavvocati.it\">grosso@gmgfavvocati.it<\/a><\/p>\n","protected":false},"excerpt":{"rendered":"<p>\u00c8 nata il 14 giugno del 1972 a Torino, citt\u00e0 in cui risiede. Dopo la maturit\u00e0 presso il Liceo Classico Maurilio Fossati di Rivoli, ha frequentato la Facolt\u00e0 di Giurisprudenza di Torino e si \u00e8 laureata a pieni voti nell&#8217;aprile del 1997. Si \u00e8 quindi dedicata alla professione legale e alla materia del diritto di [&hellip;]<\/p>\n","protected":false},"author":3,"featured_media":116,"parent":27,"menu_order":0,"comment_status":"closed","ping_status":"closed","template":"","meta":{"footnotes":""},"class_list":["post-15","page","type-page","status-publish","has-post-thumbnail","hentry"],"_links":{"self":[{"href":"https:\/\/gmgfavvocati.it\/index.php?rest_route=\/wp\/v2\/pages\/15","targetHints":{"allow":["GET"]}}],"collection":[{"href":"https:\/\/gmgfavvocati.it\/index.php?rest_route=\/wp\/v2\/pages"}],"about":[{"href":"https:\/\/gmgfavvocati.it\/index.php?rest_route=\/wp\/v2\/types\/page"}],"author":[{"embeddable":true,"href":"https:\/\/gmgfavvocati.it\/index.php?rest_route=\/wp\/v2\/users\/3"}],"replies":[{"embeddable":true,"href":"https:\/\/gmgfavvocati.it\/index.php?rest_route=%2Fwp%2Fv2%2Fcomments&post=15"}],"version-history":[{"count":14,"href":"https:\/\/gmgfavvocati.it\/index.php?rest_route=\/wp\/v2\/pages\/15\/revisions"}],"predecessor-version":[{"id":285,"href":"https:\/\/gmgfavvocati.it\/index.php?rest_route=\/wp\/v2\/pages\/15\/revisions\/285"}],"up":[{"embeddable":true,"href":"https:\/\/gmgfavvocati.it\/index.php?rest_route=\/wp\/v2\/pages\/27"}],"wp:featuredmedia":[{"embeddable":true,"href":"https:\/\/gmgfavvocati.it\/index.php?rest_route=\/wp\/v2\/media\/116"}],"wp:attachment":[{"href":"https:\/\/gmgfavvocati.it\/index.php?rest_route=%2Fwp%2Fv2%2Fmedia&parent=15"}],"curies":[{"name":"wp","href":"https:\/\/api.w.org\/{rel}","templated":true}]}}